{"id":562,"date":"2017-12-14T10:18:51","date_gmt":"2017-12-14T10:18:51","guid":{"rendered":"http:\/\/beta.citac.com\/about-us\/global-reach\/"},"modified":"2018-05-04T16:13:24","modified_gmt":"2018-05-04T15:13:24","slug":"global-reach","status":"publish","type":"page","link":"https:\/\/citac.com\/fr\/about-us\/global-reach\/","title":{"rendered":"Des clients internationaux"},"content":{"rendered":"<p><strong>Nos clients sont issus d&rsquo;une panoplie d&rsquo;institutions et de secteurs\u00a0:<\/strong><\/p>\n<ul class=\"columns\">\n<li>MOCs Internationaux\/Traders &amp; Analystes<\/li>\n<li>Compagnies maritimes<\/li>\n<li>NOCs Internationaux<\/li>\n<li>Entreprises d&rsquo;ing\u00e9nierie<\/li>\n<li>Gouvernements Africains and NOCs<\/li>\n<li>Compagnies de gaz et d&rsquo;\u00e9lectricit\u00e9<\/li>\n<li>Banques et institutions financi\u00e8res<\/li>\n<li>Entreprises d&rsquo;\u00e9nergie renouvelable<\/li>\n<li>Soci\u00e9t\u00e9s d\u2019investissement<\/li>\n<li>Soci\u00e9t\u00e9s de distribution<\/li>\n<\/ul>\n","protected":false},"excerpt":{"rendered":"<p>Nos clients sont issus d&rsquo;une panoplie d&rsquo;institutions et de secteurs\u00a0: MOCs Internationaux\/Traders &amp; Analystes Compagnies maritimes NOCs Internationaux Entreprises d&rsquo;ing\u00e9nierie Gouvernements Africains and NOCs Compagnies de gaz et d&rsquo;\u00e9lectricit\u00e9 Banques et institutions financi\u00e8res Entreprises d&rsquo;\u00e9nergie renouvelable Soci\u00e9t\u00e9s d\u2019investissement Soci\u00e9t\u00e9s de distribution<\/p>\n","protected":false},"author":1,"featured_media":0,"parent":553,"menu_order":0,"comment_status":"closed","ping_status":"closed","template":"","meta":{"_acf_changed":false,"footnotes":""},"class_list":["post-562","page","type-page","status-publish","hentry"],"acf":[],"yoast_head":"<!-- This site is optimized with the Yoast SEO plugin v25.1 - https:\/\/yoast.com\/wordpress\/plugins\/seo\/ -->\n<title>Des clients internationaux - CITAC<\/title>\n<meta name=\"robots\" content=\"index, follow, max-snippet:-1, max-image-preview:large, max-video-preview:-1\" \/>\n<link rel=\"canonical\" href=\"https:\/\/citac.com\/fr\/about-us\/global-reach\/\" \/>\n<meta property=\"og:locale\" content=\"fr_FR\" \/>\n<meta property=\"og:type\" content=\"article\" \/>\n<meta property=\"og:title\" content=\"Des clients internationaux - CITAC\" \/>\n<meta property=\"og:description\" content=\"Nos clients sont issus d&rsquo;une panoplie d&rsquo;institutions et de secteurs\u00a0: MOCs Internationaux\/Traders &amp; Analystes Compagnies maritimes NOCs Internationaux Entreprises d&rsquo;ing\u00e9nierie Gouvernements Africains and NOCs Compagnies de gaz et d&rsquo;\u00e9lectricit\u00e9 Banques et institutions financi\u00e8res Entreprises d&rsquo;\u00e9nergie renouvelable Soci\u00e9t\u00e9s d\u2019investissement Soci\u00e9t\u00e9s de distribution\" \/>\n<meta property=\"og:url\" content=\"https:\/\/citac.com\/fr\/about-us\/global-reach\/\" \/>\n<meta property=\"og:site_name\" content=\"CITAC\" \/>\n<meta property=\"article:modified_time\" content=\"2018-05-04T15:13:24+00:00\" \/>\n<meta name=\"twitter:card\" content=\"summary_large_image\" \/>\n<script type=\"application\/ld+json\" class=\"yoast-schema-graph\">{\"@context\":\"https:\/\/schema.org\",\"@graph\":[{\"@type\":\"WebPage\",\"@id\":\"https:\/\/citac.com\/fr\/about-us\/global-reach\/\",\"url\":\"https:\/\/citac.com\/fr\/about-us\/global-reach\/\",\"name\":\"Des clients internationaux - CITAC\",\"isPartOf\":{\"@id\":\"https:\/\/citac.com\/#website\"},\"datePublished\":\"2017-12-14T10:18:51+00:00\",\"dateModified\":\"2018-05-04T15:13:24+00:00\",\"breadcrumb\":{\"@id\":\"https:\/\/citac.com\/fr\/about-us\/global-reach\/#breadcrumb\"},\"inLanguage\":\"fr-FR\",\"potentialAction\":[{\"@type\":\"ReadAction\",\"target\":[\"https:\/\/citac.com\/fr\/about-us\/global-reach\/\"]}]},{\"@type\":\"BreadcrumbList\",\"@id\":\"https:\/\/citac.com\/fr\/about-us\/global-reach\/#breadcrumb\",\"itemListElement\":[{\"@type\":\"ListItem\",\"position\":1,\"name\":\"Home\",\"item\":\"https:\/\/citac.com\/fr\/\"},{\"@type\":\"ListItem\",\"position\":2,\"name\":\"A propos\",\"item\":\"http:\/\/citac.com\/fr\/about-us\/\"},{\"@type\":\"ListItem\",\"position\":3,\"name\":\"Des clients internationaux\"}]},{\"@type\":\"WebSite\",\"@id\":\"https:\/\/citac.com\/#website\",\"url\":\"https:\/\/citac.com\/\",\"name\":\"CITAC\",\"description\":\"Specialist consulting for the African downstream energy market\",\"potentialAction\":[{\"@type\":\"SearchAction\",\"target\":{\"@type\":\"EntryPoint\",\"urlTemplate\":\"https:\/\/citac.com\/?s={search_term_string}\"},\"query-input\":{\"@type\":\"PropertyValueSpecification\",\"valueRequired\":true,\"valueName\":\"search_term_string\"}}],\"inLanguage\":\"fr-FR\"}]}<\/script>\n<!-- \/ Yoast SEO plugin. -->","yoast_head_json":{"title":"Des clients internationaux - CITAC","robots":{"index":"index","follow":"follow","max-snippet":"max-snippet:-1","max-image-preview":"max-image-preview:large","max-video-preview":"max-video-preview:-1"},"canonical":"https:\/\/citac.com\/fr\/about-us\/global-reach\/","og_locale":"fr_FR","og_type":"article","og_title":"Des clients internationaux - CITAC","og_description":"Nos clients sont issus d&rsquo;une panoplie d&rsquo;institutions et de secteurs\u00a0: MOCs Internationaux\/Traders &amp; Analystes Compagnies maritimes NOCs Internationaux Entreprises d&rsquo;ing\u00e9nierie Gouvernements Africains and NOCs Compagnies de gaz et d&rsquo;\u00e9lectricit\u00e9 Banques et institutions financi\u00e8res Entreprises d&rsquo;\u00e9nergie renouvelable Soci\u00e9t\u00e9s d\u2019investissement Soci\u00e9t\u00e9s de distribution","og_url":"https:\/\/citac.com\/fr\/about-us\/global-reach\/","og_site_name":"CITAC","article_modified_time":"2018-05-04T15:13:24+00:00","twitter_card":"summary_large_image","schema":{"@context":"https:\/\/schema.org","@graph":[{"@type":"WebPage","@id":"https:\/\/citac.com\/fr\/about-us\/global-reach\/","url":"https:\/\/citac.com\/fr\/about-us\/global-reach\/","name":"Des clients internationaux - CITAC","isPartOf":{"@id":"https:\/\/citac.com\/#website"},"datePublished":"2017-12-14T10:18:51+00:00","dateModified":"2018-05-04T15:13:24+00:00","breadcrumb":{"@id":"https:\/\/citac.com\/fr\/about-us\/global-reach\/#breadcrumb"},"inLanguage":"fr-FR","potentialAction":[{"@type":"ReadAction","target":["https:\/\/citac.com\/fr\/about-us\/global-reach\/"]}]},{"@type":"BreadcrumbList","@id":"https:\/\/citac.com\/fr\/about-us\/global-reach\/#breadcrumb","itemListElement":[{"@type":"ListItem","position":1,"name":"Home","item":"https:\/\/citac.com\/fr\/"},{"@type":"ListItem","position":2,"name":"A propos","item":"http:\/\/citac.com\/fr\/about-us\/"},{"@type":"ListItem","position":3,"name":"Des clients internationaux"}]},{"@type":"WebSite","@id":"https:\/\/citac.com\/#website","url":"https:\/\/citac.com\/","name":"CITAC","description":"Specialist consulting for the African downstream energy market","potentialAction":[{"@type":"SearchAction","target":{"@type":"EntryPoint","urlTemplate":"https:\/\/citac.com\/?s={search_term_string}"},"query-input":{"@type":"PropertyValueSpecification","valueRequired":true,"valueName":"search_term_string"}}],"inLanguage":"fr-FR"}]}},"_links":{"self":[{"href":"https:\/\/citac.com\/fr\/wp-json\/wp\/v2\/pages\/562","targetHints":{"allow":["GET"]}}],"collection":[{"href":"https:\/\/citac.com\/fr\/wp-json\/wp\/v2\/pages"}],"about":[{"href":"https:\/\/citac.com\/fr\/wp-json\/wp\/v2\/types\/page"}],"author":[{"embeddable":true,"href":"https:\/\/citac.com\/fr\/wp-json\/wp\/v2\/users\/1"}],"replies":[{"embeddable":true,"href":"https:\/\/citac.com\/fr\/wp-json\/wp\/v2\/comments?post=562"}],"version-history":[{"count":0,"href":"https:\/\/citac.com\/fr\/wp-json\/wp\/v2\/pages\/562\/revisions"}],"up":[{"embeddable":true,"href":"https:\/\/citac.com\/fr\/wp-json\/wp\/v2\/pages\/553"}],"wp:attachment":[{"href":"https:\/\/citac.com\/fr\/wp-json\/wp\/v2\/media?parent=562"}],"curies":[{"name":"wp","href":"https:\/\/api.w.org\/{rel}","templated":true}]}}