{"id":1738,"date":"2018-02-27T11:42:05","date_gmt":"2018-02-27T11:42:05","guid":{"rendered":"http:\/\/beta.citac.com\/frequently-asked-questions\/"},"modified":"2024-06-05T16:58:26","modified_gmt":"2024-06-05T15:58:26","slug":"frequently-asked-questions","status":"publish","type":"page","link":"https:\/\/citac.com\/fr\/frequently-asked-questions\/","title":{"rendered":"Questions fr\u00e9quentes (FAQ)"},"content":{"rendered":"<h1>Questions fr\u00e9quentes (FAQ)<\/h1>\n<div class=\"CategoryList\">\n<div class=\"CategoryText\"><\/div>\n<hr class=\"Separator\" \/>\n<div id=\"CategoryProducts\" class=\"CategoryProducts\"><\/div>\n<div class=\"CategoryList\">\n<div class=\"ListItemCategory\">\n<div class=\"InfoArea\">\n<h3>Que comprend la formation?<\/h3>\n<div>\n<p>Chaque formation comprend tous les supports du cours, rafra\u00eechissements et d\u00e9jeuners.<\/p>\n<\/div>\n<\/div>\n<div class=\"ClearBoth\"><\/div>\n<\/div>\n<div class=\"ListItemCategory\">\n<div class=\"InfoArea\">\n<h3>La formation comprend-t-elle le logement?<\/h3>\n<div>\n<p>Non, la formation est non r\u00e9sidentielle. Mais une assistance pour les r\u00e9servations d\u2019h\u00f4tel est disponible sur demande.<\/p>\n<\/div>\n<\/div>\n<div class=\"ClearBoth\"><\/div>\n<\/div>\n<div class=\"ListItemCategory\">\n<div class=\"InfoArea\">\n<h3>Comment puis-je b\u00e9n\u00e9ficier d\u2019une r\u00e9duction early bird?<\/h3>\n<div>\n<p>Si vous vous inscrivez avant la date early bird, vous pouvez b\u00e9n\u00e9ficier d\u2019une remise de 10%. \u00a0De plus, les places sont limit\u00e9es pour la formation. Nous vous conseillons de r\u00e9server votre place d\u00e9s que possible, afin d\u2019\u00e9viter toute d\u00e9ception.<\/p>\n<\/div>\n<\/div>\n<div class=\"ClearBoth\"><\/div>\n<\/div>\n<div class=\"ListItemCategory\">\n<div class=\"InfoArea\">\n<h3>Dans quelle langue se d\u00e9roule la formation?<\/h3>\n<div>\n<p>Les formations sont offertes en francais et\/ou anglais. Veuillez vous r\u00e9f\u00e9rer au descriptif de chaque formation.<\/p>\n<\/div>\n<\/div>\n<div class=\"ClearBoth\"><\/div>\n<\/div>\n<div class=\"ListItemCategory\">\n<div class=\"InfoArea\">\n<h3>Dois-je payer la TVA?<\/h3>\n<div>\n<p id=\"tw-target-text\" class=\"tw-data-text tw-ta tw-text-small\" dir=\"ltr\" data-placeholder=\"Translation\"><strong><span lang=\"fr\">Cours de formation et ateliers<\/span><\/strong><\/p>\n<p class=\"tw-data-text tw-ta tw-text-small\" dir=\"ltr\" data-placeholder=\"Translation\"><span lang=\"fr\">Conditions et modalit\u00e9s de facturation de la TVA sur les factures en vertu de la r\u00e9glementation britannique sur la TVA<\/span><\/p>\n<ul>\n<li class=\"tw-data-text tw-ta tw-text-small\" dir=\"ltr\" data-placeholder=\"Translation\">Si votre entreprise est bas\u00e9e au Royaume-Uni, le taux de TVA standard est factur\u00e9 sur les factures de formation et d&rsquo;atelier au taux actuel de 20%.<\/li>\n<li class=\"tw-data-text tw-ta tw-text-small\" dir=\"ltr\" data-placeholder=\"Translation\">Si votre entreprise est bas\u00e9e en Europe, aucune TVA ne sera factur\u00e9e, mais vous devrez comptabiliser la TVA sur la base d&rsquo;un taux invers\u00e9 dans votre d\u00e9claration de TVA. Nous aurons besoin d&rsquo;une note de votre num\u00e9ro de TVA afin de ne pas facturer la TVA.<\/li>\n<li class=\"tw-data-text tw-ta tw-text-small\" dir=\"ltr\" data-placeholder=\"Translation\">Si votre soci\u00e9t\u00e9 est bas\u00e9e en dehors de l&rsquo;Europe, aucune TVA n&rsquo;est appliqu\u00e9e car les services sont consid\u00e9r\u00e9s comme \u00e9tant hors du champ d&rsquo;application de la TVA.<\/li>\n<\/ul>\n<p class=\"tw-data-text tw-ta tw-text-small\" dir=\"ltr\" data-placeholder=\"Translation\"><strong><span lang=\"fr\">Documents de recherche<\/span><\/strong><\/p>\n<ul>\n<li class=\"tw-data-text tw-ta tw-text-small\" dir=\"ltr\" data-placeholder=\"Translation\"><span lang=\"fr\">Aucune TVA ne s&rsquo;applique.<\/span><\/li>\n<\/ul>\n<\/div>\n<\/div>\n<div class=\"ClearBoth\"><\/div>\n<\/div>\n<div class=\"ListItemCategory\">\n<div class=\"InfoArea\">\n<h3>Quelles sont les conditions d\u2019annulation (pour les formations et atelier)?<\/h3>\n<\/div>\n<\/div>\n<div class=\"ListItemCategory\">\n<div class=\"InfoArea\">\n<div>\n<p>Toute annulation ou remplacement doit \u00eatre soumis(e) par \u00e9crit (email, lettre ou fax) et doit arriver chez CITAC au moins 30 jours avant la date de commencement du cours. \u00a0Un remboursement total moins \u00a3100 de frais administratifs sera effectu\u00e9. Les participants qui annulent moins de 30 jours avant la date de commencement du cours, ou qui ne participeront pas, sont redevables du \u00a0montant total du cours. Il n\u2019y aura pas de co\u00fbts suppl\u00e9mentaires pour tout remplacement effectu\u00e9 selon les conditions mentionn\u00e9es ci-dessus.<\/p>\n<\/div>\n<\/div>\n<div class=\"ClearBoth\"><\/div>\n<\/div>\n<div class=\"ListItemCategory\">\n<div class=\"InfoArea\">\n<h3>Comment et quand me seront envoy\u00e9s les documents de recherches command\u00e9s?<\/h3>\n<div>\n<p>D\u00e8s r\u00e9ception de votre commande et de votre paiement, les articles de recherche vous seront envoy\u00e9s par email dans un d\u00e9lai de un jour ouvrable.<\/p>\n<\/div>\n<\/div>\n<div class=\"ClearBoth\"><\/div>\n<\/div>\n<div class=\"ListItemCategory\">\n<div class=\"InfoArea\">\n<h3>Quelle est la politique en ce qui concerne les droits de reproduction?<\/h3>\n<div>\n<p>Les informations contenues dans \u00a0les documents de recherche CITAC sont confidentielles et font l\u2019objet de droits de reproduction. Elles ne peuvent \u00eatre transmises, distribu\u00e9es ou reproduites sous quelque forme que ce soit, sans l\u2019autorisation \u00e9crite pr\u00e9alable de CITAC Africa Ltd. L\u2019autorisation de photocopier des pages uniquement \u00e0 usage interne ou priv\u00e9 peut-\u00eatre donn\u00e9e par CITAC Africa Ltd en contactant le service clients au 44 (0)207 343 0014 ou par fax +44 (0)207 343 0015.<\/p>\n<\/div>\n<\/div>\n<div class=\"ClearBoth\">D\u2019autres questions?<\/div>\n<\/div>\n<div class=\"ListItemCategory\">\n<div class=\"InfoArea\">\n<div>\n<p>Envoyez-nous un message \u00e0 info@citac.com ou contactez-nous: +44 (0)207 343 0014<\/p>\n<\/div>\n<\/div>\n<\/div>\n<\/div>\n<\/div>\n","protected":false},"excerpt":{"rendered":"<p>Questions fr\u00e9quentes (FAQ) Que comprend la formation? Chaque formation comprend tous les supports du cours, rafra\u00eechissements et d\u00e9jeuners. La formation comprend-t-elle le logement? Non, la formation est non r\u00e9sidentielle. Mais une assistance pour les r\u00e9servations d\u2019h\u00f4tel est disponible sur demande. Comment puis-je b\u00e9n\u00e9ficier d\u2019une r\u00e9duction early bird? Si vous vous inscrivez avant la date early [&hellip;]<\/p>\n","protected":false},"author":1,"featured_media":0,"parent":0,"menu_order":0,"comment_status":"closed","ping_status":"closed","template":"","meta":{"_acf_changed":false,"footnotes":""},"class_list":["post-1738","page","type-page","status-publish","hentry"],"acf":[],"yoast_head":"<!-- This site is optimized with the Yoast SEO plugin v25.1 - https:\/\/yoast.com\/wordpress\/plugins\/seo\/ -->\n<title>Questions fr\u00e9quentes (FAQ) - CITAC<\/title>\n<meta name=\"robots\" content=\"index, follow, max-snippet:-1, max-image-preview:large, max-video-preview:-1\" \/>\n<link rel=\"canonical\" href=\"https:\/\/citac.com\/fr\/frequently-asked-questions\/\" \/>\n<meta property=\"og:locale\" content=\"fr_FR\" \/>\n<meta property=\"og:type\" content=\"article\" \/>\n<meta property=\"og:title\" content=\"Questions fr\u00e9quentes (FAQ) - CITAC\" \/>\n<meta property=\"og:description\" content=\"Questions fr\u00e9quentes (FAQ) Que comprend la formation? Chaque formation comprend tous les supports du cours, rafra\u00eechissements et d\u00e9jeuners. La formation comprend-t-elle le logement? Non, la formation est non r\u00e9sidentielle. Mais une assistance pour les r\u00e9servations d\u2019h\u00f4tel est disponible sur demande. Comment puis-je b\u00e9n\u00e9ficier d\u2019une r\u00e9duction early bird? Si vous vous inscrivez avant la date early [&hellip;]\" \/>\n<meta property=\"og:url\" content=\"https:\/\/citac.com\/fr\/frequently-asked-questions\/\" \/>\n<meta property=\"og:site_name\" content=\"CITAC\" \/>\n<meta property=\"article:modified_time\" content=\"2024-06-05T15:58:26+00:00\" \/>\n<meta name=\"twitter:card\" content=\"summary_large_image\" \/>\n<meta name=\"twitter:label1\" content=\"Dur\u00e9e de lecture estim\u00e9e\" \/>\n\t<meta name=\"twitter:data1\" content=\"3 minutes\" \/>\n<script type=\"application\/ld+json\" class=\"yoast-schema-graph\">{\"@context\":\"https:\/\/schema.org\",\"@graph\":[{\"@type\":\"WebPage\",\"@id\":\"https:\/\/citac.com\/fr\/frequently-asked-questions\/\",\"url\":\"https:\/\/citac.com\/fr\/frequently-asked-questions\/\",\"name\":\"Questions fr\u00e9quentes (FAQ) - CITAC\",\"isPartOf\":{\"@id\":\"https:\/\/citac.com\/#website\"},\"datePublished\":\"2018-02-27T11:42:05+00:00\",\"dateModified\":\"2024-06-05T15:58:26+00:00\",\"breadcrumb\":{\"@id\":\"https:\/\/citac.com\/fr\/frequently-asked-questions\/#breadcrumb\"},\"inLanguage\":\"fr-FR\",\"potentialAction\":[{\"@type\":\"ReadAction\",\"target\":[\"https:\/\/citac.com\/fr\/frequently-asked-questions\/\"]}]},{\"@type\":\"BreadcrumbList\",\"@id\":\"https:\/\/citac.com\/fr\/frequently-asked-questions\/#breadcrumb\",\"itemListElement\":[{\"@type\":\"ListItem\",\"position\":1,\"name\":\"Home\",\"item\":\"https:\/\/citac.com\/fr\/\"},{\"@type\":\"ListItem\",\"position\":2,\"name\":\"Questions fr\u00e9quentes (FAQ)\"}]},{\"@type\":\"WebSite\",\"@id\":\"https:\/\/citac.com\/#website\",\"url\":\"https:\/\/citac.com\/\",\"name\":\"CITAC\",\"description\":\"Specialist consulting for the African downstream energy market\",\"potentialAction\":[{\"@type\":\"SearchAction\",\"target\":{\"@type\":\"EntryPoint\",\"urlTemplate\":\"https:\/\/citac.com\/?s={search_term_string}\"},\"query-input\":{\"@type\":\"PropertyValueSpecification\",\"valueRequired\":true,\"valueName\":\"search_term_string\"}}],\"inLanguage\":\"fr-FR\"}]}<\/script>\n<!-- \/ Yoast SEO plugin. -->","yoast_head_json":{"title":"Questions fr\u00e9quentes (FAQ) - CITAC","robots":{"index":"index","follow":"follow","max-snippet":"max-snippet:-1","max-image-preview":"max-image-preview:large","max-video-preview":"max-video-preview:-1"},"canonical":"https:\/\/citac.com\/fr\/frequently-asked-questions\/","og_locale":"fr_FR","og_type":"article","og_title":"Questions fr\u00e9quentes (FAQ) - CITAC","og_description":"Questions fr\u00e9quentes (FAQ) Que comprend la formation? Chaque formation comprend tous les supports du cours, rafra\u00eechissements et d\u00e9jeuners. La formation comprend-t-elle le logement? Non, la formation est non r\u00e9sidentielle. Mais une assistance pour les r\u00e9servations d\u2019h\u00f4tel est disponible sur demande. Comment puis-je b\u00e9n\u00e9ficier d\u2019une r\u00e9duction early bird? Si vous vous inscrivez avant la date early [&hellip;]","og_url":"https:\/\/citac.com\/fr\/frequently-asked-questions\/","og_site_name":"CITAC","article_modified_time":"2024-06-05T15:58:26+00:00","twitter_card":"summary_large_image","twitter_misc":{"Dur\u00e9e de lecture estim\u00e9e":"3 minutes"},"schema":{"@context":"https:\/\/schema.org","@graph":[{"@type":"WebPage","@id":"https:\/\/citac.com\/fr\/frequently-asked-questions\/","url":"https:\/\/citac.com\/fr\/frequently-asked-questions\/","name":"Questions fr\u00e9quentes (FAQ) - CITAC","isPartOf":{"@id":"https:\/\/citac.com\/#website"},"datePublished":"2018-02-27T11:42:05+00:00","dateModified":"2024-06-05T15:58:26+00:00","breadcrumb":{"@id":"https:\/\/citac.com\/fr\/frequently-asked-questions\/#breadcrumb"},"inLanguage":"fr-FR","potentialAction":[{"@type":"ReadAction","target":["https:\/\/citac.com\/fr\/frequently-asked-questions\/"]}]},{"@type":"BreadcrumbList","@id":"https:\/\/citac.com\/fr\/frequently-asked-questions\/#breadcrumb","itemListElement":[{"@type":"ListItem","position":1,"name":"Home","item":"https:\/\/citac.com\/fr\/"},{"@type":"ListItem","position":2,"name":"Questions fr\u00e9quentes (FAQ)"}]},{"@type":"WebSite","@id":"https:\/\/citac.com\/#website","url":"https:\/\/citac.com\/","name":"CITAC","description":"Specialist consulting for the African downstream energy market","potentialAction":[{"@type":"SearchAction","target":{"@type":"EntryPoint","urlTemplate":"https:\/\/citac.com\/?s={search_term_string}"},"query-input":{"@type":"PropertyValueSpecification","valueRequired":true,"valueName":"search_term_string"}}],"inLanguage":"fr-FR"}]}},"_links":{"self":[{"href":"https:\/\/citac.com\/fr\/wp-json\/wp\/v2\/pages\/1738","targetHints":{"allow":["GET"]}}],"collection":[{"href":"https:\/\/citac.com\/fr\/wp-json\/wp\/v2\/pages"}],"about":[{"href":"https:\/\/citac.com\/fr\/wp-json\/wp\/v2\/types\/page"}],"author":[{"embeddable":true,"href":"https:\/\/citac.com\/fr\/wp-json\/wp\/v2\/users\/1"}],"replies":[{"embeddable":true,"href":"https:\/\/citac.com\/fr\/wp-json\/wp\/v2\/comments?post=1738"}],"version-history":[{"count":0,"href":"https:\/\/citac.com\/fr\/wp-json\/wp\/v2\/pages\/1738\/revisions"}],"wp:attachment":[{"href":"https:\/\/citac.com\/fr\/wp-json\/wp\/v2\/media?parent=1738"}],"curies":[{"name":"wp","href":"https:\/\/api.w.org\/{rel}","templated":true}]}}