{"id":1380,"date":"2018-03-26T11:18:23","date_gmt":"2018-03-26T10:18:23","guid":{"rendered":"http:\/\/beta.citac.com\/?page_id=1380"},"modified":"2018-05-11T11:41:25","modified_gmt":"2018-05-11T10:41:25","slug":"merci","status":"publish","type":"page","link":"https:\/\/citac.com\/fr\/merci\/","title":{"rendered":"Merci"},"content":{"rendered":"<p>Nous vous remercions pour votre commande d\u2019articles ou votre inscription \u00e0 l\u2019une de nos formations.<\/p>\n<p>Nous vous contacterons tr\u00e8s prochainement par email avec la confirmation de votre commande et toute autre information dont vous pourriez avoir besoin.<\/p>\n<p>Si vous des questions concernant votre commande et\/ou services, n\u2019h\u00e9sitez pas \u00e0 nous contacter.<\/p>\n<p>Nous nous r\u00e9jouissons de collaborer avec vous,<\/p>\n<p>CITAC<\/p>\n","protected":false},"excerpt":{"rendered":"<p>Nous vous remercions pour votre commande d\u2019articles ou votre inscription \u00e0 l\u2019une de nos formations. Nous vous contacterons tr\u00e8s prochainement par email avec la confirmation de votre commande et toute autre information dont vous pourriez avoir besoin. Si vous des questions concernant votre commande et\/ou services, n\u2019h\u00e9sitez pas \u00e0 nous contacter. Nous nous r\u00e9jouissons de [&hellip;]<\/p>\n","protected":false},"author":1,"featured_media":0,"parent":0,"menu_order":0,"comment_status":"closed","ping_status":"closed","template":"","meta":{"_acf_changed":false,"footnotes":""},"class_list":["post-1380","page","type-page","status-publish","hentry"],"acf":[],"yoast_head":"<!-- This site is optimized with the Yoast SEO plugin v25.1 - https:\/\/yoast.com\/wordpress\/plugins\/seo\/ -->\n<title>Merci - CITAC<\/title>\n<meta name=\"robots\" content=\"index, follow, max-snippet:-1, max-image-preview:large, max-video-preview:-1\" \/>\n<link rel=\"canonical\" href=\"https:\/\/citac.com\/fr\/merci\/\" \/>\n<meta property=\"og:locale\" content=\"fr_FR\" \/>\n<meta property=\"og:type\" content=\"article\" \/>\n<meta property=\"og:title\" content=\"Merci - CITAC\" \/>\n<meta property=\"og:description\" content=\"Nous vous remercions pour votre commande d\u2019articles ou votre inscription \u00e0 l\u2019une de nos formations. Nous vous contacterons tr\u00e8s prochainement par email avec la confirmation de votre commande et toute autre information dont vous pourriez avoir besoin. Si vous des questions concernant votre commande et\/ou services, n\u2019h\u00e9sitez pas \u00e0 nous contacter. Nous nous r\u00e9jouissons de [&hellip;]\" \/>\n<meta property=\"og:url\" content=\"https:\/\/citac.com\/fr\/merci\/\" \/>\n<meta property=\"og:site_name\" content=\"CITAC\" \/>\n<meta property=\"article:modified_time\" content=\"2018-05-11T10:41:25+00:00\" \/>\n<meta name=\"twitter:card\" content=\"summary_large_image\" \/>\n<script type=\"application\/ld+json\" class=\"yoast-schema-graph\">{\"@context\":\"https:\/\/schema.org\",\"@graph\":[{\"@type\":\"WebPage\",\"@id\":\"https:\/\/citac.com\/fr\/merci\/\",\"url\":\"https:\/\/citac.com\/fr\/merci\/\",\"name\":\"Merci - CITAC\",\"isPartOf\":{\"@id\":\"https:\/\/citac.com\/#website\"},\"datePublished\":\"2018-03-26T10:18:23+00:00\",\"dateModified\":\"2018-05-11T10:41:25+00:00\",\"breadcrumb\":{\"@id\":\"https:\/\/citac.com\/fr\/merci\/#breadcrumb\"},\"inLanguage\":\"fr-FR\",\"potentialAction\":[{\"@type\":\"ReadAction\",\"target\":[\"https:\/\/citac.com\/fr\/merci\/\"]}]},{\"@type\":\"BreadcrumbList\",\"@id\":\"https:\/\/citac.com\/fr\/merci\/#breadcrumb\",\"itemListElement\":[{\"@type\":\"ListItem\",\"position\":1,\"name\":\"Home\",\"item\":\"https:\/\/citac.com\/fr\/\"},{\"@type\":\"ListItem\",\"position\":2,\"name\":\"Merci\"}]},{\"@type\":\"WebSite\",\"@id\":\"https:\/\/citac.com\/#website\",\"url\":\"https:\/\/citac.com\/\",\"name\":\"CITAC\",\"description\":\"Specialist consulting for the African downstream energy market\",\"potentialAction\":[{\"@type\":\"SearchAction\",\"target\":{\"@type\":\"EntryPoint\",\"urlTemplate\":\"https:\/\/citac.com\/?s={search_term_string}\"},\"query-input\":{\"@type\":\"PropertyValueSpecification\",\"valueRequired\":true,\"valueName\":\"search_term_string\"}}],\"inLanguage\":\"fr-FR\"}]}<\/script>\n<!-- \/ Yoast SEO plugin. -->","yoast_head_json":{"title":"Merci - CITAC","robots":{"index":"index","follow":"follow","max-snippet":"max-snippet:-1","max-image-preview":"max-image-preview:large","max-video-preview":"max-video-preview:-1"},"canonical":"https:\/\/citac.com\/fr\/merci\/","og_locale":"fr_FR","og_type":"article","og_title":"Merci - CITAC","og_description":"Nous vous remercions pour votre commande d\u2019articles ou votre inscription \u00e0 l\u2019une de nos formations. Nous vous contacterons tr\u00e8s prochainement par email avec la confirmation de votre commande et toute autre information dont vous pourriez avoir besoin. Si vous des questions concernant votre commande et\/ou services, n\u2019h\u00e9sitez pas \u00e0 nous contacter. Nous nous r\u00e9jouissons de [&hellip;]","og_url":"https:\/\/citac.com\/fr\/merci\/","og_site_name":"CITAC","article_modified_time":"2018-05-11T10:41:25+00:00","twitter_card":"summary_large_image","schema":{"@context":"https:\/\/schema.org","@graph":[{"@type":"WebPage","@id":"https:\/\/citac.com\/fr\/merci\/","url":"https:\/\/citac.com\/fr\/merci\/","name":"Merci - CITAC","isPartOf":{"@id":"https:\/\/citac.com\/#website"},"datePublished":"2018-03-26T10:18:23+00:00","dateModified":"2018-05-11T10:41:25+00:00","breadcrumb":{"@id":"https:\/\/citac.com\/fr\/merci\/#breadcrumb"},"inLanguage":"fr-FR","potentialAction":[{"@type":"ReadAction","target":["https:\/\/citac.com\/fr\/merci\/"]}]},{"@type":"BreadcrumbList","@id":"https:\/\/citac.com\/fr\/merci\/#breadcrumb","itemListElement":[{"@type":"ListItem","position":1,"name":"Home","item":"https:\/\/citac.com\/fr\/"},{"@type":"ListItem","position":2,"name":"Merci"}]},{"@type":"WebSite","@id":"https:\/\/citac.com\/#website","url":"https:\/\/citac.com\/","name":"CITAC","description":"Specialist consulting for the African downstream energy market","potentialAction":[{"@type":"SearchAction","target":{"@type":"EntryPoint","urlTemplate":"https:\/\/citac.com\/?s={search_term_string}"},"query-input":{"@type":"PropertyValueSpecification","valueRequired":true,"valueName":"search_term_string"}}],"inLanguage":"fr-FR"}]}},"_links":{"self":[{"href":"https:\/\/citac.com\/fr\/wp-json\/wp\/v2\/pages\/1380","targetHints":{"allow":["GET"]}}],"collection":[{"href":"https:\/\/citac.com\/fr\/wp-json\/wp\/v2\/pages"}],"about":[{"href":"https:\/\/citac.com\/fr\/wp-json\/wp\/v2\/types\/page"}],"author":[{"embeddable":true,"href":"https:\/\/citac.com\/fr\/wp-json\/wp\/v2\/users\/1"}],"replies":[{"embeddable":true,"href":"https:\/\/citac.com\/fr\/wp-json\/wp\/v2\/comments?post=1380"}],"version-history":[{"count":0,"href":"https:\/\/citac.com\/fr\/wp-json\/wp\/v2\/pages\/1380\/revisions"}],"wp:attachment":[{"href":"https:\/\/citac.com\/fr\/wp-json\/wp\/v2\/media?parent=1380"}],"curies":[{"name":"wp","href":"https:\/\/api.w.org\/{rel}","templated":true}]}}